{"id":625,"date":"2016-09-13T13:48:52","date_gmt":"2016-09-13T17:48:52","guid":{"rendered":"http:\/\/simon.wps.dev\/fr\/contact\/"},"modified":"2026-01-07T21:51:48","modified_gmt":"2026-01-08T02:51:48","slug":"contact","status":"publish","type":"page","link":"https:\/\/christopherbrutusmichaud.com\/fr\/about\/contact\/","title":{"rendered":"Discutons de votre projet"},"content":{"rendered":"","protected":false},"excerpt":{"rendered":"<p>Avez-vous des questions ou des commentaires sur les services que nous offrons? Nous vous prions d\u2019utiliser ce formulaire pour nous envoyer un courriel. Notre personnel est toujours heureux de r\u00e9pondre \u00e0 vos questions.<\/p>\n","protected":false},"author":1,"featured_media":526,"parent":626,"menu_order":0,"comment_status":"closed","ping_status":"closed","template":"","meta":[],"yoast_head":"<!-- This site is optimized with the Yoast SEO plugin v17.1 - https:\/\/yoast.com\/wordpress\/plugins\/seo\/ -->\n<meta name=\"description\" content=\"Courtier hypoth\u00e9caire stagiaire chez Dominion Lending Centres. Je compare plus de 20 pr\u00eateurs pour vous offrir les meilleurs taux au Qu\u00e9bec. Contactez-moi !\" \/>\n<meta name=\"robots\" content=\"index, follow, max-snippet:-1, max-image-preview:large, max-video-preview:-1\" \/>\n<link rel=\"canonical\" href=\"https:\/\/christopherbrutusmichaud.com\/fr\/about\/contact\/\" \/>\n<meta property=\"og:locale\" content=\"fr_FR\" \/>\n<meta property=\"og:type\" content=\"article\" \/>\n<meta property=\"og:title\" content=\"Discutons de votre projet - Centres Hypoth\u00e9caires Dominion\" \/>\n<meta property=\"og:description\" content=\"Courtier hypoth\u00e9caire stagiaire chez Dominion Lending Centres. Je compare plus de 20 pr\u00eateurs pour vous offrir les meilleurs taux au Qu\u00e9bec. Contactez-moi !\" \/>\n<meta property=\"og:url\" content=\"https:\/\/christopherbrutusmichaud.com\/fr\/about\/contact\/\" \/>\n<meta property=\"og:site_name\" content=\"Centres Hypoth\u00e9caires Dominion\" \/>\n<meta property=\"article:modified_time\" content=\"2026-01-08T02:51:48+00:00\" \/>\n<meta property=\"og:image\" content=\"https:\/\/christopherbrutusmichaud.com\/wp-content\/uploads\/2016\/10\/self-employed.jpg\" \/>\n\t<meta property=\"og:image:width\" content=\"1200\" \/>\n\t<meta property=\"og:image:height\" content=\"611\" \/>\n<meta name=\"twitter:card\" content=\"summary\" \/>\n<script type=\"application\/ld+json\" class=\"yoast-schema-graph\">{\"@context\":\"https:\/\/schema.org\",\"@graph\":[{\"@type\":\"Organization\",\"@id\":\"https:\/\/christopherbrutusmichaud.com\/#organization\",\"name\":\"Centres Hypoth\\u00e9caires Dominion\",\"url\":\"https:\/\/christopherbrutusmichaud.com\/\",\"sameAs\":[],\"logo\":{\"@type\":\"ImageObject\",\"@id\":\"https:\/\/christopherbrutusmichaud.com\/#logo\",\"inLanguage\":\"fr-FR\",\"url\":\"http:\/\/master.wps.dlcserver.com\/wp-content\/uploads\/2017\/01\/vector_DLC1.jpg\",\"contentUrl\":\"http:\/\/master.wps.dlcserver.com\/wp-content\/uploads\/2017\/01\/vector_DLC1.jpg\",\"width\":369,\"height\":173,\"caption\":\"Centres Hypoth\\u00e9caires Dominion\"},\"image\":{\"@id\":\"https:\/\/christopherbrutusmichaud.com\/#logo\"}},{\"@type\":\"WebSite\",\"@id\":\"https:\/\/christopherbrutusmichaud.com\/#website\",\"url\":\"https:\/\/christopherbrutusmichaud.com\/\",\"name\":\"Centres Hypoth\\u00e9caires Dominion\",\"description\":\"Just another WordPress site\",\"publisher\":{\"@id\":\"https:\/\/christopherbrutusmichaud.com\/#organization\"},\"potentialAction\":[{\"@type\":\"SearchAction\",\"target\":{\"@type\":\"EntryPoint\",\"urlTemplate\":\"https:\/\/christopherbrutusmichaud.com\/?s={search_term_string}\"},\"query-input\":\"required name=search_term_string\"}],\"inLanguage\":\"fr-FR\"},{\"@type\":\"ImageObject\",\"@id\":\"https:\/\/christopherbrutusmichaud.com\/fr\/about\/contact\/#primaryimage\",\"inLanguage\":\"fr-FR\",\"url\":\"https:\/\/christopherbrutusmichaud.com\/wp-content\/uploads\/2016\/10\/self-employed.jpg\",\"contentUrl\":\"https:\/\/christopherbrutusmichaud.com\/wp-content\/uploads\/2016\/10\/self-employed.jpg\",\"width\":1200,\"height\":611},{\"@type\":\"WebPage\",\"@id\":\"https:\/\/christopherbrutusmichaud.com\/fr\/about\/contact\/#webpage\",\"url\":\"https:\/\/christopherbrutusmichaud.com\/fr\/about\/contact\/\",\"name\":\"Discutons de votre projet - Centres Hypoth\\u00e9caires Dominion\",\"isPartOf\":{\"@id\":\"https:\/\/christopherbrutusmichaud.com\/#website\"},\"primaryImageOfPage\":{\"@id\":\"https:\/\/christopherbrutusmichaud.com\/fr\/about\/contact\/#primaryimage\"},\"datePublished\":\"2016-09-13T17:48:52+00:00\",\"dateModified\":\"2026-01-08T02:51:48+00:00\",\"description\":\"Courtier hypoth\\u00e9caire stagiaire chez Dominion Lending Centres. Je compare plus de 20 pr\\u00eateurs pour vous offrir les meilleurs taux au Qu\\u00e9bec. Contactez-moi !\",\"breadcrumb\":{\"@id\":\"https:\/\/christopherbrutusmichaud.com\/fr\/about\/contact\/#breadcrumb\"},\"inLanguage\":\"fr-FR\",\"potentialAction\":[{\"@type\":\"ReadAction\",\"target\":[\"https:\/\/christopherbrutusmichaud.com\/fr\/about\/contact\/\"]}]},{\"@type\":\"BreadcrumbList\",\"@id\":\"https:\/\/christopherbrutusmichaud.com\/fr\/about\/contact\/#breadcrumb\",\"itemListElement\":[{\"@type\":\"ListItem\",\"position\":1,\"name\":\"Home\",\"item\":\"https:\/\/christopherbrutusmichaud.com\/fr\/\"},{\"@type\":\"ListItem\",\"position\":2,\"name\":\"Master About\",\"item\":\"https:\/\/christopherbrutusmichaud.com\/fr\/about\/\"},{\"@type\":\"ListItem\",\"position\":3,\"name\":\"Discutons de votre projet\"}]}]}<\/script>\n<!-- \/ Yoast SEO plugin. -->","yoast_head_json":{"description":"Courtier hypoth\u00e9caire stagiaire chez Dominion Lending Centres. Je compare plus de 20 pr\u00eateurs pour vous offrir les meilleurs taux au Qu\u00e9bec. Contactez-moi !","robots":{"index":"index","follow":"follow","max-snippet":"max-snippet:-1","max-image-preview":"max-image-preview:large","max-video-preview":"max-video-preview:-1"},"canonical":"https:\/\/christopherbrutusmichaud.com\/fr\/about\/contact\/","og_locale":"fr_FR","og_type":"article","og_title":"Discutons de votre projet - Centres Hypoth\u00e9caires Dominion","og_description":"Courtier hypoth\u00e9caire stagiaire chez Dominion Lending Centres. Je compare plus de 20 pr\u00eateurs pour vous offrir les meilleurs taux au Qu\u00e9bec. Contactez-moi !","og_url":"https:\/\/christopherbrutusmichaud.com\/fr\/about\/contact\/","og_site_name":"Centres Hypoth\u00e9caires Dominion","article_modified_time":"2026-01-08T02:51:48+00:00","og_image":[{"width":1200,"height":611,"url":"https:\/\/christopherbrutusmichaud.com\/wp-content\/uploads\/2016\/10\/self-employed.jpg","path":"\/var\/www\/sites\/wps\/sites\/code\/wp-content\/uploads\/2016\/10\/self-employed.jpg","size":"full","id":526,"alt":"","pixels":733200,"type":"image\/jpeg"}],"twitter_card":"summary","schema":{"@context":"https:\/\/schema.org","@graph":[{"@type":"Organization","@id":"https:\/\/christopherbrutusmichaud.com\/#organization","name":"Centres Hypoth\u00e9caires Dominion","url":"https:\/\/christopherbrutusmichaud.com\/","sameAs":[],"logo":{"@type":"ImageObject","@id":"https:\/\/christopherbrutusmichaud.com\/#logo","inLanguage":"fr-FR","url":"http:\/\/master.wps.dlcserver.com\/wp-content\/uploads\/2017\/01\/vector_DLC1.jpg","contentUrl":"http:\/\/master.wps.dlcserver.com\/wp-content\/uploads\/2017\/01\/vector_DLC1.jpg","width":369,"height":173,"caption":"Centres Hypoth\u00e9caires Dominion"},"image":{"@id":"https:\/\/christopherbrutusmichaud.com\/#logo"}},{"@type":"WebSite","@id":"https:\/\/christopherbrutusmichaud.com\/#website","url":"https:\/\/christopherbrutusmichaud.com\/","name":"Centres Hypoth\u00e9caires Dominion","description":"Just another WordPress site","publisher":{"@id":"https:\/\/christopherbrutusmichaud.com\/#organization"},"potentialAction":[{"@type":"SearchAction","target":{"@type":"EntryPoint","urlTemplate":"https:\/\/christopherbrutusmichaud.com\/?s={search_term_string}"},"query-input":"required name=search_term_string"}],"inLanguage":"fr-FR"},{"@type":"ImageObject","@id":"https:\/\/christopherbrutusmichaud.com\/fr\/about\/contact\/#primaryimage","inLanguage":"fr-FR","url":"https:\/\/christopherbrutusmichaud.com\/wp-content\/uploads\/2016\/10\/self-employed.jpg","contentUrl":"https:\/\/christopherbrutusmichaud.com\/wp-content\/uploads\/2016\/10\/self-employed.jpg","width":1200,"height":611},{"@type":"WebPage","@id":"https:\/\/christopherbrutusmichaud.com\/fr\/about\/contact\/#webpage","url":"https:\/\/christopherbrutusmichaud.com\/fr\/about\/contact\/","name":"Discutons de votre projet - Centres Hypoth\u00e9caires Dominion","isPartOf":{"@id":"https:\/\/christopherbrutusmichaud.com\/#website"},"primaryImageOfPage":{"@id":"https:\/\/christopherbrutusmichaud.com\/fr\/about\/contact\/#primaryimage"},"datePublished":"2016-09-13T17:48:52+00:00","dateModified":"2026-01-08T02:51:48+00:00","description":"Courtier hypoth\u00e9caire stagiaire chez Dominion Lending Centres. Je compare plus de 20 pr\u00eateurs pour vous offrir les meilleurs taux au Qu\u00e9bec. Contactez-moi !","breadcrumb":{"@id":"https:\/\/christopherbrutusmichaud.com\/fr\/about\/contact\/#breadcrumb"},"inLanguage":"fr-FR","potentialAction":[{"@type":"ReadAction","target":["https:\/\/christopherbrutusmichaud.com\/fr\/about\/contact\/"]}]},{"@type":"BreadcrumbList","@id":"https:\/\/christopherbrutusmichaud.com\/fr\/about\/contact\/#breadcrumb","itemListElement":[{"@type":"ListItem","position":1,"name":"Home","item":"https:\/\/christopherbrutusmichaud.com\/fr\/"},{"@type":"ListItem","position":2,"name":"Master About","item":"https:\/\/christopherbrutusmichaud.com\/fr\/about\/"},{"@type":"ListItem","position":3,"name":"Discutons de votre projet"}]}]}},"_links":{"self":[{"href":"https:\/\/christopherbrutusmichaud.com\/fr\/wp-json\/wp\/v2\/pages\/625"}],"collection":[{"href":"https:\/\/christopherbrutusmichaud.com\/fr\/wp-json\/wp\/v2\/pages"}],"about":[{"href":"https:\/\/christopherbrutusmichaud.com\/fr\/wp-json\/wp\/v2\/types\/page"}],"author":[{"embeddable":true,"href":"https:\/\/christopherbrutusmichaud.com\/fr\/wp-json\/wp\/v2\/users\/1"}],"replies":[{"embeddable":true,"href":"https:\/\/christopherbrutusmichaud.com\/fr\/wp-json\/wp\/v2\/comments?post=625"}],"version-history":[{"count":9,"href":"https:\/\/christopherbrutusmichaud.com\/fr\/wp-json\/wp\/v2\/pages\/625\/revisions"}],"predecessor-version":[{"id":1362,"href":"https:\/\/christopherbrutusmichaud.com\/fr\/wp-json\/wp\/v2\/pages\/625\/revisions\/1362"}],"up":[{"embeddable":true,"href":"https:\/\/christopherbrutusmichaud.com\/fr\/wp-json\/wp\/v2\/pages\/626"}],"wp:featuredmedia":[{"embeddable":true,"href":"https:\/\/christopherbrutusmichaud.com\/fr\/wp-json\/wp\/v2\/media\/526"}],"wp:attachment":[{"href":"https:\/\/christopherbrutusmichaud.com\/fr\/wp-json\/wp\/v2\/media?parent=625"}],"curies":[{"name":"wp","href":"https:\/\/api.w.org\/{rel}","templated":true}]}}